{"id":93,"date":"2025-06-11T18:56:22","date_gmt":"2025-06-11T21:56:22","guid":{"rendered":"https:\/\/cnlbsul2.org.br\/site\/?page_id=93"},"modified":"2025-09-10T08:23:32","modified_gmt":"2025-09-10T11:23:32","slug":"colegiado-consultivo","status":"publish","type":"page","link":"https:\/\/cnlbsul2.org.br\/site\/colegiado-consultivo\/","title":{"rendered":"Colegiado Consultivo"},"content":{"rendered":"\n<p>O <strong>Colegiado Consultivo<\/strong> ser\u00e1 constitu\u00eddo por <strong>15 (quinze)<\/strong> leigos ou leigas cat\u00f3licas que atuem com destaque, baseados no referencial crist\u00e3o, nos campos da <strong>educa\u00e7\u00e3o<\/strong>, da <strong>sa\u00fade<\/strong>, da <strong>a\u00e7\u00e3o social<\/strong>, da <strong>cultura<\/strong>, das <strong>artes<\/strong>, da <strong>ci\u00eancia e tecnologia<\/strong>, da <strong>economia<\/strong>, da <strong>terra<\/strong>, do <strong>meio-ambiente<\/strong>, nos <strong>meios de comunica\u00e7\u00e3o<\/strong>, nos <strong>sindicatos<\/strong>, nas <strong>associa\u00e7\u00f5es civis<\/strong>, na <strong>pol\u00edtica partid\u00e1ria<\/strong>, nos <strong>movimentos sociais<\/strong>, <strong><em>indicados <\/em><\/strong>pelo <strong>Colegiado de Representantes<\/strong> e <strong>nomeados <\/strong>pelo <strong>Presidente<\/strong>.<\/p>\n\n\n\n<p><\/p>\n\n\n\n<table id=\"tablepress-3\" class=\"tablepress tablepress-id-3\">\n<thead>\n<tr class=\"row-1\">\n\t<th class=\"column-1\">Cargo<\/th><th class=\"column-2\">Nome<\/th><th class=\"column-3\">E-mail Corporativo<\/th><th class=\"column-4\">Cidade<\/th><th class=\"column-5\">(Arq)Diocese<\/th><th class=\"column-6\">Prov\u00edncia<\/th><th class=\"column-7\">Par\u00f3quia<\/th><th class=\"column-8\">PMOSC<\/th>\n<\/tr>\n<\/thead>\n<tbody class=\"row-striping row-hover\">\n<tr class=\"row-2\">\n\t<td class=\"column-1\">Educa\u00e7\u00e3o<\/td><td class=\"column-2\"><\/td><td class=\"column-3\"><\/td><td class=\"column-4\"><\/td><td class=\"column-5\"><\/td><td class=\"column-6\"><\/td><td class=\"column-7\"><\/td><td class=\"column-8\"><\/td>\n<\/tr>\n<tr class=\"row-3\">\n\t<td class=\"column-1\">Sa\u00fade<\/td><td class=\"column-2\"><\/td><td class=\"column-3\"><\/td><td class=\"column-4\"><\/td><td class=\"column-5\"><\/td><td class=\"column-6\"><\/td><td class=\"column-7\"><\/td><td class=\"column-8\"><\/td>\n<\/tr>\n<tr class=\"row-4\">\n\t<td class=\"column-1\">A\u00e7\u00e3o Social<\/td><td class=\"column-2\"><\/td><td class=\"column-3\"><\/td><td class=\"column-4\"><\/td><td class=\"column-5\"><\/td><td class=\"column-6\"><\/td><td class=\"column-7\"><\/td><td class=\"column-8\"><\/td>\n<\/tr>\n<tr class=\"row-5\">\n\t<td class=\"column-1\">Cultura<\/td><td class=\"column-2\"><\/td><td class=\"column-3\"><\/td><td class=\"column-4\"><\/td><td class=\"column-5\"><\/td><td class=\"column-6\"><\/td><td class=\"column-7\"><\/td><td class=\"column-8\"><\/td>\n<\/tr>\n<tr class=\"row-6\">\n\t<td class=\"column-1\">Artes<\/td><td class=\"column-2\"><\/td><td class=\"column-3\"><\/td><td class=\"column-4\"><\/td><td class=\"column-5\"><\/td><td class=\"column-6\"><\/td><td class=\"column-7\"><\/td><td class=\"column-8\"><\/td>\n<\/tr>\n<tr class=\"row-7\">\n\t<td class=\"column-1\">Ci\u00eancia e Tecnologia<\/td><td class=\"column-2\"><\/td><td class=\"column-3\"><\/td><td class=\"column-4\"><\/td><td class=\"column-5\"><\/td><td class=\"column-6\"><\/td><td class=\"column-7\"><\/td><td class=\"column-8\"><\/td>\n<\/tr>\n<tr class=\"row-8\">\n\t<td class=\"column-1\">Economia<\/td><td class=\"column-2\"><\/td><td class=\"column-3\"><\/td><td class=\"column-4\"><\/td><td class=\"column-5\"><\/td><td class=\"column-6\"><\/td><td class=\"column-7\"><\/td><td class=\"column-8\"><\/td>\n<\/tr>\n<tr class=\"row-9\">\n\t<td class=\"column-1\">Terra<\/td><td class=\"column-2\"><\/td><td class=\"column-3\"><\/td><td class=\"column-4\"><\/td><td class=\"column-5\"><\/td><td class=\"column-6\"><\/td><td class=\"column-7\"><\/td><td class=\"column-8\"><\/td>\n<\/tr>\n<tr class=\"row-10\">\n\t<td class=\"column-1\">Meio Ambiente<\/td><td class=\"column-2\"><\/td><td class=\"column-3\"><\/td><td class=\"column-4\"><\/td><td class=\"column-5\"><\/td><td class=\"column-6\"><\/td><td class=\"column-7\"><\/td><td class=\"column-8\"><\/td>\n<\/tr>\n<tr class=\"row-11\">\n\t<td class=\"column-1\">Meios de Comunica\u00e7\u00e3o<\/td><td class=\"column-2\">Clodoaldo Francisco de Assis<\/td><td class=\"column-3\">comunicacao@cnlbsul2.org.br<\/td><td class=\"column-4\">Maring\u00e1<\/td><td class=\"column-5\">Maring\u00e1<\/td><td class=\"column-6\">Maring\u00e1<\/td><td class=\"column-7\">Santo Expedito<\/td><td class=\"column-8\">Pastoral de Liturgia e Canto<\/td>\n<\/tr>\n<tr class=\"row-12\">\n\t<td class=\"column-1\">Sindicatos<\/td><td class=\"column-2\"><\/td><td class=\"column-3\"><\/td><td class=\"column-4\"><\/td><td class=\"column-5\"><\/td><td class=\"column-6\"><\/td><td class=\"column-7\"><\/td><td class=\"column-8\"><\/td>\n<\/tr>\n<tr class=\"row-13\">\n\t<td class=\"column-1\">Associa\u00e7\u00f5es Civis<\/td><td class=\"column-2\"><\/td><td class=\"column-3\"><\/td><td class=\"column-4\"><\/td><td class=\"column-5\"><\/td><td class=\"column-6\"><\/td><td class=\"column-7\"><\/td><td class=\"column-8\"><\/td>\n<\/tr>\n<tr class=\"row-14\">\n\t<td class=\"column-1\">Pol\u00edtica Partid\u00e1ria (F\u00e9 e Pol\u00edtica)<\/td><td class=\"column-2\">Claudimar Barbosa da Silva<\/td><td class=\"column-3\">fe_politica@cnlbsul2.org.br<\/td><td class=\"column-4\">Ponta Grossa<\/td><td class=\"column-5\">Ponta Grossa<\/td><td class=\"column-6\">Curitiba<\/td><td class=\"column-7\">Sant\u00b4Ana<\/td><td class=\"column-8\">Pastoral da Sobriedade<\/td>\n<\/tr>\n<tr class=\"row-15\">\n\t<td class=\"column-1\">Movimentos Sociais<\/td><td class=\"column-2\"><\/td><td class=\"column-3\"><\/td><td class=\"column-4\"><\/td><td class=\"column-5\"><\/td><td class=\"column-6\"><\/td><td class=\"column-7\"><\/td><td class=\"column-8\"><\/td>\n<\/tr>\n<tr class=\"row-16\">\n\t<td class=\"column-1\">Mulheres<\/td><td class=\"column-2\">Rosa Marques dos Santos<\/td><td class=\"column-3\">cnlbmulheres@cnlbsul2.org.br<\/td><td class=\"column-4\">Londrina<\/td><td class=\"column-5\">Londrina<\/td><td class=\"column-6\">Londrina<\/td><td class=\"column-7\">Santa Cruz<\/td><td class=\"column-8\">Pastoral de Liturgia<br \/>\n<\/td>\n<\/tr>\n<tr class=\"row-17\">\n\t<td class=\"column-1\">Juventudes<\/td><td class=\"column-2\">Lucas Matias Alves<\/td><td class=\"column-3\">juventude@cnlbsul2.org.br<\/td><td class=\"column-4\">Curitiba<\/td><td class=\"column-5\">Curitiba<\/td><td class=\"column-6\">Curitiba<\/td><td class=\"column-7\">Santu\u00e1rio Santa Rita de C\u00e1ssia<\/td><td class=\"column-8\">Associa\u00e7\u00e3o de Fi\u00e9is Leigos Seculares Contemplativos<\/td>\n<\/tr>\n<tr class=\"row-18\">\n\t<td class=\"column-1\">Jur\u00eddico<\/td><td class=\"column-2\">Walter de Souza Fernandes<\/td><td class=\"column-3\">juridico@cnlbsul2.org.br<\/td><td class=\"column-4\">Maring\u00e1<\/td><td class=\"column-5\">Maring\u00e1<\/td><td class=\"column-6\">Maring\u00e1<\/td><td class=\"column-7\">Nossa Senhora de Lourdes e S\u00e3o Judas Tadeu<\/td><td class=\"column-8\">Movimento Familiar Crist\u00e3o<\/td>\n<\/tr>\n<\/tbody>\n<\/table>\n<!-- #tablepress-3 from cache -->","protected":false},"excerpt":{"rendered":"<p>O Colegiado Consultivo ser\u00e1 constitu\u00eddo por 15 (quinze) leigos ou leigas cat\u00f3licas que atuem com destaque, baseados no referencial crist\u00e3o, nos campos da educa\u00e7\u00e3o, da sa\u00fade, da a\u00e7\u00e3o social, da [&hellip;]<\/p>\n","protected":false},"author":1,"featured_media":0,"parent":0,"menu_order":0,"comment_status":"closed","ping_status":"closed","template":"","meta":{"pagelayer_contact_templates":[],"_pagelayer_content":"","_EventAllDay":false,"_EventTimezone":"","_EventStartDate":"","_EventEndDate":"","_EventStartDateUTC":"","_EventEndDateUTC":"","_EventShowMap":false,"_EventShowMapLink":false,"_EventURL":"","_EventCost":"","_EventCostDescription":"","_EventCurrencySymbol":"","_EventCurrencyCode":"","_EventCurrencyPosition":"","_EventDateTimeSeparator":"","_EventTimeRangeSeparator":"","_EventOrganizerID":[],"_EventVenueID":[],"_OrganizerEmail":"","_OrganizerPhone":"","_OrganizerWebsite":"","_VenueAddress":"","_VenueCity":"","_VenueCountry":"","_VenueProvince":"","_VenueState":"","_VenueZip":"","_VenuePhone":"","_VenueURL":"","_VenueStateProvince":"","_VenueLat":"","_VenueLng":"","_VenueShowMap":false,"_VenueShowMapLink":false,"footnotes":""},"class_list":["post-93","page","type-page","status-publish","hentry"],"_links":{"self":[{"href":"https:\/\/cnlbsul2.org.br\/site\/wp-json\/wp\/v2\/pages\/93","targetHints":{"allow":["GET"]}}],"collection":[{"href":"https:\/\/cnlbsul2.org.br\/site\/wp-json\/wp\/v2\/pages"}],"about":[{"href":"https:\/\/cnlbsul2.org.br\/site\/wp-json\/wp\/v2\/types\/page"}],"author":[{"embeddable":true,"href":"https:\/\/cnlbsul2.org.br\/site\/wp-json\/wp\/v2\/users\/1"}],"replies":[{"embeddable":true,"href":"https:\/\/cnlbsul2.org.br\/site\/wp-json\/wp\/v2\/comments?post=93"}],"version-history":[{"count":4,"href":"https:\/\/cnlbsul2.org.br\/site\/wp-json\/wp\/v2\/pages\/93\/revisions"}],"predecessor-version":[{"id":443,"href":"https:\/\/cnlbsul2.org.br\/site\/wp-json\/wp\/v2\/pages\/93\/revisions\/443"}],"wp:attachment":[{"href":"https:\/\/cnlbsul2.org.br\/site\/wp-json\/wp\/v2\/media?parent=93"}],"curies":[{"name":"wp","href":"https:\/\/api.w.org\/{rel}","templated":true}]}}