{"id":91,"date":"2025-06-11T18:55:45","date_gmt":"2025-06-11T21:55:45","guid":{"rendered":"https:\/\/cnlbsul2.org.br\/site\/?page_id=91"},"modified":"2025-09-10T08:22:50","modified_gmt":"2025-09-10T11:22:50","slug":"conselho-fiscal","status":"publish","type":"page","link":"https:\/\/cnlbsul2.org.br\/site\/conselho-fiscal\/","title":{"rendered":"Conselho Fiscal"},"content":{"rendered":"\n<p>O Colegiado Fiscal \u00e9 formado por <strong>3 (tr\u00eas)<\/strong> membros <strong>titulares <\/strong>e <strong>3 (tr\u00eas)<\/strong> <strong>suplentes<\/strong>.<br>Sendo eleito, entre os membros do Colegiado Fiscal <strong><em>Titulares<\/em><\/strong> o seu Presidente.<\/p>\n\n\n\n<p><\/p>\n\n\n\n<p><strong><em>Conselho Fiscal Eleito em 2025<\/em><\/strong><\/p>\n\n\n\n<table id=\"tablepress-2\" class=\"tablepress tablepress-id-2\">\n<thead>\n<tr class=\"row-1\">\n\t<th class=\"column-1\">Cargo<\/th><th class=\"column-2\">Nome<\/th><th class=\"column-3\">E-mail Corporativo<\/th><th class=\"column-4\">Cidade<\/th><th class=\"column-5\">(Arq)Diocese<\/th><th class=\"column-6\">Prov\u00edncia<\/th><th class=\"column-7\">Par\u00f3quia<\/th><th class=\"column-8\">PMOSC<\/th>\n<\/tr>\n<\/thead>\n<tbody class=\"row-striping row-hover\">\n<tr class=\"row-2\">\n\t<td class=\"column-1\">Presidente Conselho Fiscal<\/td><td class=\"column-2\">Rozalino Ramos Pereira<\/td><td class=\"column-3\">conselho.fiscal@cnlbsul2.org.br<\/td><td class=\"column-4\">Guarapuava<\/td><td class=\"column-5\">Curitiba<\/td><td class=\"column-6\">Curitiba<\/td><td class=\"column-7\">Nossa Senhora do Perp\u00e9tuco Socorro<\/td><td class=\"column-8\">CEBs<\/td>\n<\/tr>\n<tr class=\"row-3\">\n\t<td class=\"column-1\">2\u00ba Conselho Fiscal<\/td><td class=\"column-2\">Maria de Jesus do Nascimento<\/td><td class=\"column-3\">N\u00e3o Corporativo<\/td><td class=\"column-4\">Alto Paran\u00e1<\/td><td class=\"column-5\">Paranava\u00ed<\/td><td class=\"column-6\">Maring\u00e1<\/td><td class=\"column-7\">Santu\u00e1rio Santo Ant\u00f4nio de P\u00e1dua<\/td><td class=\"column-8\">Catequese<\/td>\n<\/tr>\n<tr class=\"row-4\">\n\t<td class=\"column-1\">3\u00ba Conselho Fiscal<\/td><td class=\"column-2\">Marli Terezinha Doneda Silva<\/td><td class=\"column-3\">N\u00e3o Corporativo<\/td><td class=\"column-4\">Cascavel<\/td><td class=\"column-5\">Cascavel<\/td><td class=\"column-6\">Cascavel<\/td><td class=\"column-7\">Nossa Senhora Aparecida<\/td><td class=\"column-8\">Renova\u00e7\u00e3o Carism\u00e1tica Cat\u00f3lica<\/td>\n<\/tr>\n<tr class=\"row-5\">\n\t<td class=\"column-1\">1\u00ba Suplente do Conselho Fiscal<\/td><td class=\"column-2\">Elen Ara\u00fajo do Nascimento<\/td><td class=\"column-3\">N\u00e3o Corporativo<\/td><td class=\"column-4\">Curitiba<\/td><td class=\"column-5\">Curitiba<\/td><td class=\"column-6\">Curitiba<\/td><td class=\"column-7\">Cristo Ressucitado<\/td><td class=\"column-8\">Sociedade S\u00e3o Vicente de Paula<\/td>\n<\/tr>\n<tr class=\"row-6\">\n\t<td class=\"column-1\">2\u00ba Suplente do Conselho Fiscal<\/td><td class=\"column-2\">M\u00e1rcia Magno de Oliveira<\/td><td class=\"column-3\">N\u00e3o Corporativo<\/td><td class=\"column-4\">Apucarana<\/td><td class=\"column-5\">Apucarana<\/td><td class=\"column-6\">Londrina<\/td><td class=\"column-7\">Nossa Senhora de Lourdes<\/td><td class=\"column-8\">Renova\u00e7\u00e3o Carism\u00e1tica Cat\u00f3lica<\/td>\n<\/tr>\n<tr class=\"row-7\">\n\t<td class=\"column-1\">3\u00ba Suplente do Conselho Fiscal<\/td><td class=\"column-2\">Rosa Marques dos Santos<\/td><td class=\"column-3\">N\u00e3o Corporativo<\/td><td class=\"column-4\">Londrina<\/td><td class=\"column-5\">Londrina<\/td><td class=\"column-6\">Londrina<\/td><td class=\"column-7\">Santa Cruz<\/td><td class=\"column-8\">Pastoral de Liturgia<\/td>\n<\/tr>\n<\/tbody>\n<\/table>\n","protected":false},"excerpt":{"rendered":"<p>O Colegiado Fiscal \u00e9 formado por 3 (tr\u00eas) membros titulares e 3 (tr\u00eas) suplentes.Sendo eleito, entre os membros do Colegiado Fiscal Titulares o seu Presidente. Conselho Fiscal Eleito em 2025<\/p>\n","protected":false},"author":1,"featured_media":0,"parent":0,"menu_order":0,"comment_status":"closed","ping_status":"closed","template":"","meta":{"pagelayer_contact_templates":[],"_pagelayer_content":"","_EventAllDay":false,"_EventTimezone":"","_EventStartDate":"","_EventEndDate":"","_EventStartDateUTC":"","_EventEndDateUTC":"","_EventShowMap":false,"_EventShowMapLink":false,"_EventURL":"","_EventCost":"","_EventCostDescription":"","_EventCurrencySymbol":"","_EventCurrencyCode":"","_EventCurrencyPosition":"","_EventDateTimeSeparator":"","_EventTimeRangeSeparator":"","_EventOrganizerID":[],"_EventVenueID":[],"_OrganizerEmail":"","_OrganizerPhone":"","_OrganizerWebsite":"","_VenueAddress":"","_VenueCity":"","_VenueCountry":"","_VenueProvince":"","_VenueState":"","_VenueZip":"","_VenuePhone":"","_VenueURL":"","_VenueStateProvince":"","_VenueLat":"","_VenueLng":"","_VenueShowMap":false,"_VenueShowMapLink":false,"footnotes":""},"class_list":["post-91","page","type-page","status-publish","hentry"],"_links":{"self":[{"href":"https:\/\/cnlbsul2.org.br\/site\/wp-json\/wp\/v2\/pages\/91","targetHints":{"allow":["GET"]}}],"collection":[{"href":"https:\/\/cnlbsul2.org.br\/site\/wp-json\/wp\/v2\/pages"}],"about":[{"href":"https:\/\/cnlbsul2.org.br\/site\/wp-json\/wp\/v2\/types\/page"}],"author":[{"embeddable":true,"href":"https:\/\/cnlbsul2.org.br\/site\/wp-json\/wp\/v2\/users\/1"}],"replies":[{"embeddable":true,"href":"https:\/\/cnlbsul2.org.br\/site\/wp-json\/wp\/v2\/comments?post=91"}],"version-history":[{"count":13,"href":"https:\/\/cnlbsul2.org.br\/site\/wp-json\/wp\/v2\/pages\/91\/revisions"}],"predecessor-version":[{"id":439,"href":"https:\/\/cnlbsul2.org.br\/site\/wp-json\/wp\/v2\/pages\/91\/revisions\/439"}],"wp:attachment":[{"href":"https:\/\/cnlbsul2.org.br\/site\/wp-json\/wp\/v2\/media?parent=91"}],"curies":[{"name":"wp","href":"https:\/\/api.w.org\/{rel}","templated":true}]}}