{"id":778,"date":"2026-04-25T23:52:00","date_gmt":"2026-04-26T02:52:00","guid":{"rendered":"https:\/\/cnlbsul2.org.br\/site\/?page_id=778"},"modified":"2026-04-26T07:32:09","modified_gmt":"2026-04-26T10:32:09","slug":"desvendando-a-dsi","status":"publish","type":"page","link":"https:\/\/cnlbsul2.org.br\/site\/desvendando-a-dsi\/","title":{"rendered":"Desvendando a DSI"},"content":{"rendered":"\n<p class=\"has-text-align-center\"><strong>Curso ONLINE e GRATUITO!<\/strong><\/p>\n\n\n\n<figure class=\"wp-block-image aligncenter size-medium\"><img loading=\"lazy\" decoding=\"async\" width=\"240\" height=\"300\" src=\"https:\/\/cnlbsul2.org.br\/site\/wp-content\/uploads\/2026\/04\/DesvendandoADoutrinaSocialDaIgreja_Dehonianos_2026-240x300.jpeg\" alt=\"\" class=\"wp-image-780\" srcset=\"https:\/\/cnlbsul2.org.br\/site\/wp-content\/uploads\/2026\/04\/DesvendandoADoutrinaSocialDaIgreja_Dehonianos_2026-240x300.jpeg 240w, https:\/\/cnlbsul2.org.br\/site\/wp-content\/uploads\/2026\/04\/DesvendandoADoutrinaSocialDaIgreja_Dehonianos_2026-819x1024.jpeg 819w, https:\/\/cnlbsul2.org.br\/site\/wp-content\/uploads\/2026\/04\/DesvendandoADoutrinaSocialDaIgreja_Dehonianos_2026-768x961.jpeg 768w, https:\/\/cnlbsul2.org.br\/site\/wp-content\/uploads\/2026\/04\/DesvendandoADoutrinaSocialDaIgreja_Dehonianos_2026-1228x1536.jpeg 1228w, https:\/\/cnlbsul2.org.br\/site\/wp-content\/uploads\/2026\/04\/DesvendandoADoutrinaSocialDaIgreja_Dehonianos_2026.jpeg 1279w\" sizes=\"auto, (max-width: 240px) 100vw, 240px\" \/><\/figure>\n\n\n\n<p class=\"has-text-align-center\"><strong>Curso: <\/strong><span><em style=\"font-weight: bold;\">Desvendando a Doutrina Social da Igreja<\/em><\/span><\/p>\n\n\n\n<div style=\"height:20px\" aria-hidden=\"true\" class=\"wp-block-spacer\"><\/div>\n\n\n\n<p>O curso de extens\u00e3o ser\u00e1 no modelo EAD e ser\u00e1 realizado em 8 encontros com o <strong><em>Prof. Dr. Pe. Ant\u00f4nio Aparecido Alves<\/em><\/strong> da Diocese de S\u00e3o Jos\u00e9 dos Campos\/SP.<\/p>\n\n\n\n<div style=\"height:20px\" aria-hidden=\"true\" class=\"wp-block-spacer\"><\/div>\n\n\n\n<p>As aulas acontecer\u00e3o de forma online, \u00e0s ter\u00e7as-feiras por meio da plataforma Google Meet.<\/p>\n\n\n\n<div style=\"height:20px\" aria-hidden=\"true\" class=\"wp-block-spacer\"><\/div>\n\n\n\n<p>In\u00edcio das aulas: <strong><em>05\/05\/2026<\/em><\/strong><br>T\u00e9rmino: <strong><em>23\/06\/2026<\/em><\/strong><br>Carga Hor\u00e1ria: 12h<br><em>(05, 12, 19 e 26\/maio tamb\u00e9m 02, 09, 16 e 23\/junho)<\/em><\/p>\n\n\n\n<div style=\"height:20px\" aria-hidden=\"true\" class=\"wp-block-spacer\"><\/div>\n\n\n\n<p>Inscri\u00e7\u00f5es em: <a href=\"https:\/\/dehoniana.edu.br\/doutrina-social\/\">https:\/\/dehoniana.edu.br\/doutrina-social\/<\/a><\/p>\n\n\n\n<div style=\"height:20px\" aria-hidden=\"true\" class=\"wp-block-spacer\"><\/div>\n\n\n\n<p><em>Caso opte pela emiss\u00e3o de Certificado, que \u00e9 opcional, ser\u00e1 cobrado um valor de R$ 50,00 daqueles que solicitarem. <\/em><\/p>\n\n\n\n<p><\/p>\n","protected":false},"excerpt":{"rendered":"<p>Curso ONLINE e GRATUITO! Curso: Desvendando a Doutrina Social da Igreja O curso de extens\u00e3o ser\u00e1 no modelo EAD e ser\u00e1 realizado em 8 encontros com o Prof. Dr. Pe. [&hellip;]<\/p>\n","protected":false},"author":1,"featured_media":0,"parent":0,"menu_order":0,"comment_status":"closed","ping_status":"closed","template":"","meta":{"pagelayer_contact_templates":[],"_pagelayer_content":"","_EventAllDay":false,"_EventTimezone":"","_EventStartDate":"","_EventEndDate":"","_EventStartDateUTC":"","_EventEndDateUTC":"","_EventShowMap":false,"_EventShowMapLink":false,"_EventURL":"","_EventCost":"","_EventCostDescription":"","_EventCurrencySymbol":"","_EventCurrencyCode":"","_EventCurrencyPosition":"","_EventDateTimeSeparator":"","_EventTimeRangeSeparator":"","_EventOrganizerID":[],"_EventVenueID":[],"_OrganizerEmail":"","_OrganizerPhone":"","_OrganizerWebsite":"","_VenueAddress":"","_VenueCity":"","_VenueCountry":"","_VenueProvince":"","_VenueState":"","_VenueZip":"","_VenuePhone":"","_VenueURL":"","_VenueStateProvince":"","_VenueLat":"","_VenueLng":"","_VenueShowMap":false,"_VenueShowMapLink":false,"footnotes":""},"class_list":["post-778","page","type-page","status-publish","hentry"],"_links":{"self":[{"href":"https:\/\/cnlbsul2.org.br\/site\/wp-json\/wp\/v2\/pages\/778","targetHints":{"allow":["GET"]}}],"collection":[{"href":"https:\/\/cnlbsul2.org.br\/site\/wp-json\/wp\/v2\/pages"}],"about":[{"href":"https:\/\/cnlbsul2.org.br\/site\/wp-json\/wp\/v2\/types\/page"}],"author":[{"embeddable":true,"href":"https:\/\/cnlbsul2.org.br\/site\/wp-json\/wp\/v2\/users\/1"}],"replies":[{"embeddable":true,"href":"https:\/\/cnlbsul2.org.br\/site\/wp-json\/wp\/v2\/comments?post=778"}],"version-history":[{"count":6,"href":"https:\/\/cnlbsul2.org.br\/site\/wp-json\/wp\/v2\/pages\/778\/revisions"}],"predecessor-version":[{"id":805,"href":"https:\/\/cnlbsul2.org.br\/site\/wp-json\/wp\/v2\/pages\/778\/revisions\/805"}],"wp:attachment":[{"href":"https:\/\/cnlbsul2.org.br\/site\/wp-json\/wp\/v2\/media?parent=778"}],"curies":[{"name":"wp","href":"https:\/\/api.w.org\/{rel}","templated":true}]}}