{"id":661,"date":"2025-11-23T23:28:16","date_gmt":"2025-11-24T02:28:16","guid":{"rendered":"https:\/\/cnlbsul2.org.br\/site\/?page_id=661"},"modified":"2025-11-23T23:28:16","modified_gmt":"2025-11-24T02:28:16","slug":"comissao-de-juventude","status":"publish","type":"page","link":"https:\/\/cnlbsul2.org.br\/site\/comissao-de-juventude\/","title":{"rendered":"Comiss\u00e3o de Juventude"},"content":{"rendered":"\n<p>A <strong><em>Comiss\u00e3o de Juventude do CNLB Sul 2<\/em><\/strong> tem a miss\u00e3o de fortalecer o protagonismo dos jovens leigos e leigas na Igreja e na sociedade, promovendo espa\u00e7os de forma\u00e7\u00e3o, espiritualidade e participa\u00e7\u00e3o cidad\u00e3. Busca articular as diversas express\u00f5es juvenis presentes nas dioceses, movimentos e pastorais, incentivando uma presen\u00e7a qualificada dos jovens nos processos de discernimento e decis\u00e3o eclesial. <\/p>\n\n\n\n<p>A comiss\u00e3o trabalha para que a voz da juventude seja verdadeiramente ouvida, valorizada e integrada, contribuindo para uma Igreja mais aberta, din\u00e2mica e comprometida com a justi\u00e7a, a cultura do encontro e a edifica\u00e7\u00e3o\u00a0do\u00a0Reino.<\/p>\n\n\n\n<p><a href=\"mailto:juventude@cnlbsul2.org.br?subject=Contato&amp;body=Ol\u00e1, gostaria de mais informa\u00e7\u00f5es.\"><br><strong>Fale conosco<\/strong><\/a><\/p>\n","protected":false},"excerpt":{"rendered":"<p>A Comiss\u00e3o de Juventude do CNLB Sul 2 tem a miss\u00e3o de fortalecer o protagonismo dos jovens leigos e leigas na Igreja e na sociedade, promovendo espa\u00e7os de forma\u00e7\u00e3o, espiritualidade [&hellip;]<\/p>\n","protected":false},"author":1,"featured_media":0,"parent":0,"menu_order":0,"comment_status":"closed","ping_status":"closed","template":"","meta":{"pagelayer_contact_templates":[],"_pagelayer_content":"","_EventAllDay":false,"_EventTimezone":"","_EventStartDate":"","_EventEndDate":"","_EventStartDateUTC":"","_EventEndDateUTC":"","_EventShowMap":false,"_EventShowMapLink":false,"_EventURL":"","_EventCost":"","_EventCostDescription":"","_EventCurrencySymbol":"","_EventCurrencyCode":"","_EventCurrencyPosition":"","_EventDateTimeSeparator":"","_EventTimeRangeSeparator":"","_EventOrganizerID":[],"_EventVenueID":[],"_OrganizerEmail":"","_OrganizerPhone":"","_OrganizerWebsite":"","_VenueAddress":"","_VenueCity":"","_VenueCountry":"","_VenueProvince":"","_VenueState":"","_VenueZip":"","_VenuePhone":"","_VenueURL":"","_VenueStateProvince":"","_VenueLat":"","_VenueLng":"","_VenueShowMap":false,"_VenueShowMapLink":false,"footnotes":""},"class_list":["post-661","page","type-page","status-publish","hentry"],"_links":{"self":[{"href":"https:\/\/cnlbsul2.org.br\/site\/wp-json\/wp\/v2\/pages\/661","targetHints":{"allow":["GET"]}}],"collection":[{"href":"https:\/\/cnlbsul2.org.br\/site\/wp-json\/wp\/v2\/pages"}],"about":[{"href":"https:\/\/cnlbsul2.org.br\/site\/wp-json\/wp\/v2\/types\/page"}],"author":[{"embeddable":true,"href":"https:\/\/cnlbsul2.org.br\/site\/wp-json\/wp\/v2\/users\/1"}],"replies":[{"embeddable":true,"href":"https:\/\/cnlbsul2.org.br\/site\/wp-json\/wp\/v2\/comments?post=661"}],"version-history":[{"count":1,"href":"https:\/\/cnlbsul2.org.br\/site\/wp-json\/wp\/v2\/pages\/661\/revisions"}],"predecessor-version":[{"id":662,"href":"https:\/\/cnlbsul2.org.br\/site\/wp-json\/wp\/v2\/pages\/661\/revisions\/662"}],"wp:attachment":[{"href":"https:\/\/cnlbsul2.org.br\/site\/wp-json\/wp\/v2\/media?parent=661"}],"curies":[{"name":"wp","href":"https:\/\/api.w.org\/{rel}","templated":true}]}}