{"id":659,"date":"2025-11-23T23:25:36","date_gmt":"2025-11-24T02:25:36","guid":{"rendered":"https:\/\/cnlbsul2.org.br\/site\/?page_id=659"},"modified":"2025-11-23T23:25:36","modified_gmt":"2025-11-24T02:25:36","slug":"comissao-de-incidencia-politica","status":"publish","type":"page","link":"https:\/\/cnlbsul2.org.br\/site\/comissao-de-incidencia-politica\/","title":{"rendered":"Comiss\u00e3o de Incid\u00eancia Pol\u00edtica"},"content":{"rendered":"\n<p>A atua\u00e7\u00e3o do crist\u00e3o deve ir muito al\u00e9m da participa\u00e7\u00e3o dos sacramentos e da missa semanal; nossa verdadeira atua\u00e7\u00e3o, no Cristo Salv\u00edfico, acontece quando vamos ao encontro do \u201cpr\u00f3ximo\u201d, quebrando as barreiras das periferias f\u00edsicas e existenciais que nos separam, e quando buscamos salvaguardar nossa \u201cCasa Comum\u201d. Nossa primeira miss\u00e3o \u00e9 com este mundo secular e suas diferentes realidades. \u201cA sua primeira e imediata tarefa (do crist\u00e3o leigo) n\u00e3o \u00e9 a institui\u00e7\u00e3o e o desenvolvimento da comunidade eclesial \u2013 esse \u00e9 papel espec\u00edfico dos pastores, mas sim [\u2026] o vasto e complicado mundo da pol\u00edtica, da realidade social e da economia, como tamb\u00e9m o da cultura, das ci\u00eancias [\u2026]\u201d (Evangelii Nuntiandi &#8211; S\u00e3o Jo\u00e3o Paulo II).<\/p>\n\n\n\n<p>Sabedores de que o caminho do Cristo se faz caminhando com o povo, o nosso organismo, o Conselho Nacional do Laicato do Brasil &#8211; CNLB, tem se estruturado a cada dia a fim de cumprir com maestria a sua miss\u00e3o prof\u00e9tica, de ser sal e luz para a Igreja e para a sociedade. Para isso a Comiss\u00e3o de Incid\u00eancia Pol\u00edtica, tem como objetivo prec\u00edpuo fomentar a incid\u00eancia do laicato na vida pol\u00edtica e social do nosso pa\u00eds, proporcionando ao crist\u00e3o leigo e leiga uma adequada \u201cforma\u00e7\u00e3o\u201d (Doc.105 \u2013 CNBB \u2013 n.226) que lhe possibilite a inser\u00e7\u00e3o qualificada na sociedade.<\/p>\n\n\n\n<p>O mundo da pol\u00edtica, inclusive da pol\u00edtica partid\u00e1ria, \u00e9 o lugar comum do leigo (Apostolicum Actuositatem \u2013 n. 14). Cabe a n\u00f3s, leigos(as), nos dedicarmos \u00e0s atividades temporais, mas sem nos apartarmos do mundo do esp\u00edrito. Para isso \u00e9 necess\u00e1rio que n\u00e3o nos esque\u00e7amos de nossa miss\u00e3o e voca\u00e7\u00e3o: somos cidad\u00e3os e cidad\u00e3s, mas antes de tudo sujeitos eclesiais (Doc.105 \u2013 CNBB, n..119) Nossas a\u00e7\u00f5es em sociedade, por isso, t\u00eam que ser pautadas na busca do interesse p\u00fablico e do bem comum, deixando-se nortear pelos princ\u00edpios crist\u00e3os, mas sem dogmatismo ou proselitismo.<\/p>\n\n\n\n<p>A Comiss\u00e3o de Incid\u00eancia Pol\u00edtica do CNLB do Regional Sul2 tem participado das discuss\u00f5es sobre os mais caras temas da nossa sociedade, entre eles sa\u00fade, educa\u00e7\u00e3o, ped\u00e1gios, direitos humanos, cidadania e meio ambiente. Nossa atua\u00e7\u00e3o n\u00e3o se d\u00e1 de forma isolada, por isso nossos membros participam dos mais variados espa\u00e7os de discuss\u00f5es, esses \u201care\u00f3pagos modernos\u201d \u2013 audi\u00eancias p\u00fablicas, f\u00f3runs de debates, Conselhos Municipais de Direitos, frentes parlamentares, entre outros. O acompanhamento dos trabalhos realizados pelos poderes legislativos e executivos (tanto municipal quanto estadual), tanto na elabora\u00e7\u00e3o das leis como no bom uso do dinheiro p\u00fablico, e uma constante do CNLB do Regional Sul2.<\/p>\n\n\n\n<p>O CNLB entende que o trabalho em parceria com institui\u00e7\u00f5es p\u00fablicas e de iniciativa privada &#8211; universidades, Observat\u00f3rios Sociais, Conselhos Regionais de Classe, sindicatos, Minist\u00e9rio P\u00fablico, Defensoria P\u00fablica, \u00e9 de fundamental import\u00e2ncia para que possamos resguardar os interesses da sociedade e a busca do bem comum.<\/p>\n\n\n\n<p><a href=\"mailto:incidencia.politica\n@cnlbsul2.org.br?subject=Contato&amp;body=Ol\u00e1, gostaria de mais informa\u00e7\u00f5es.\"><strong>Fale conosco<\/strong><\/a><\/p>\n","protected":false},"excerpt":{"rendered":"<p>A atua\u00e7\u00e3o do crist\u00e3o deve ir muito al\u00e9m da participa\u00e7\u00e3o dos sacramentos e da missa semanal; nossa verdadeira atua\u00e7\u00e3o, no Cristo Salv\u00edfico, acontece quando vamos ao encontro do \u201cpr\u00f3ximo\u201d, quebrando [&hellip;]<\/p>\n","protected":false},"author":1,"featured_media":0,"parent":0,"menu_order":0,"comment_status":"closed","ping_status":"closed","template":"","meta":{"pagelayer_contact_templates":[],"_pagelayer_content":"","_EventAllDay":false,"_EventTimezone":"","_EventStartDate":"","_EventEndDate":"","_EventStartDateUTC":"","_EventEndDateUTC":"","_EventShowMap":false,"_EventShowMapLink":false,"_EventURL":"","_EventCost":"","_EventCostDescription":"","_EventCurrencySymbol":"","_EventCurrencyCode":"","_EventCurrencyPosition":"","_EventDateTimeSeparator":"","_EventTimeRangeSeparator":"","_EventOrganizerID":[],"_EventVenueID":[],"_OrganizerEmail":"","_OrganizerPhone":"","_OrganizerWebsite":"","_VenueAddress":"","_VenueCity":"","_VenueCountry":"","_VenueProvince":"","_VenueState":"","_VenueZip":"","_VenuePhone":"","_VenueURL":"","_VenueStateProvince":"","_VenueLat":"","_VenueLng":"","_VenueShowMap":false,"_VenueShowMapLink":false,"footnotes":""},"class_list":["post-659","page","type-page","status-publish","hentry"],"_links":{"self":[{"href":"https:\/\/cnlbsul2.org.br\/site\/wp-json\/wp\/v2\/pages\/659","targetHints":{"allow":["GET"]}}],"collection":[{"href":"https:\/\/cnlbsul2.org.br\/site\/wp-json\/wp\/v2\/pages"}],"about":[{"href":"https:\/\/cnlbsul2.org.br\/site\/wp-json\/wp\/v2\/types\/page"}],"author":[{"embeddable":true,"href":"https:\/\/cnlbsul2.org.br\/site\/wp-json\/wp\/v2\/users\/1"}],"replies":[{"embeddable":true,"href":"https:\/\/cnlbsul2.org.br\/site\/wp-json\/wp\/v2\/comments?post=659"}],"version-history":[{"count":1,"href":"https:\/\/cnlbsul2.org.br\/site\/wp-json\/wp\/v2\/pages\/659\/revisions"}],"predecessor-version":[{"id":660,"href":"https:\/\/cnlbsul2.org.br\/site\/wp-json\/wp\/v2\/pages\/659\/revisions\/660"}],"wp:attachment":[{"href":"https:\/\/cnlbsul2.org.br\/site\/wp-json\/wp\/v2\/media?parent=659"}],"curies":[{"name":"wp","href":"https:\/\/api.w.org\/{rel}","templated":true}]}}