{"id":278,"date":"2025-08-10T01:14:34","date_gmt":"2025-08-10T04:14:34","guid":{"rendered":"https:\/\/cnlbsul2.org.br\/site\/?page_id=278"},"modified":"2025-09-10T18:38:05","modified_gmt":"2025-09-10T21:38:05","slug":"institucional","status":"publish","type":"page","link":"https:\/\/cnlbsul2.org.br\/site\/institucional\/","title":{"rendered":"Institucional"},"content":{"rendered":"\n<p class=\"has-medium-font-size\">Conhe\u00e7a os nossos objetivos, organiza\u00e7\u00e3o, hist\u00f3ria e os valores que fazem do <strong>CNLB do Regional Sul 2<\/strong> um <strong>Organismo do Povo Deus<\/strong> na miss\u00e3o de contribuir com a <strong>A\u00e7\u00e3o Evangelizadora<\/strong> da Igreja Cat\u00f3lica no Regional Sul 2 (Paran\u00e1)!<\/p>\n\n\n\n<figure class=\"wp-block-image size-full\"><img loading=\"lazy\" decoding=\"async\" width=\"482\" height=\"763\" src=\"https:\/\/cnlbsul2.org.br\/site\/wp-content\/uploads\/2025\/09\/regionaiscnbb_rev02.png\" alt=\"CNBB Mapas dos Regionais\" class=\"wp-image-448\" srcset=\"https:\/\/cnlbsul2.org.br\/site\/wp-content\/uploads\/2025\/09\/regionaiscnbb_rev02.png 482w, https:\/\/cnlbsul2.org.br\/site\/wp-content\/uploads\/2025\/09\/regionaiscnbb_rev02-190x300.png 190w\" sizes=\"auto, (max-width: 482px) 100vw, 482px\" \/><figcaption class=\"wp-element-caption\">CNBB Regionais<\/figcaption><\/figure>\n","protected":false},"excerpt":{"rendered":"<p>Conhe\u00e7a os nossos objetivos, organiza\u00e7\u00e3o, hist\u00f3ria e os valores que fazem do CNLB do Regional Sul 2 um Organismo do Povo Deus na miss\u00e3o de contribuir com a A\u00e7\u00e3o Evangelizadora [&hellip;]<\/p>\n","protected":false},"author":1,"featured_media":0,"parent":0,"menu_order":0,"comment_status":"closed","ping_status":"closed","template":"","meta":{"pagelayer_contact_templates":[],"_pagelayer_content":"","_EventAllDay":false,"_EventTimezone":"","_EventStartDate":"","_EventEndDate":"","_EventStartDateUTC":"","_EventEndDateUTC":"","_EventShowMap":false,"_EventShowMapLink":false,"_EventURL":"","_EventCost":"","_EventCostDescription":"","_EventCurrencySymbol":"","_EventCurrencyCode":"","_EventCurrencyPosition":"","_EventDateTimeSeparator":"","_EventTimeRangeSeparator":"","_EventOrganizerID":[],"_EventVenueID":[],"_OrganizerEmail":"","_OrganizerPhone":"","_OrganizerWebsite":"","_VenueAddress":"","_VenueCity":"","_VenueCountry":"","_VenueProvince":"","_VenueState":"","_VenueZip":"","_VenuePhone":"","_VenueURL":"","_VenueStateProvince":"","_VenueLat":"","_VenueLng":"","_VenueShowMap":false,"_VenueShowMapLink":false,"footnotes":""},"class_list":["post-278","page","type-page","status-publish","hentry"],"_links":{"self":[{"href":"https:\/\/cnlbsul2.org.br\/site\/wp-json\/wp\/v2\/pages\/278","targetHints":{"allow":["GET"]}}],"collection":[{"href":"https:\/\/cnlbsul2.org.br\/site\/wp-json\/wp\/v2\/pages"}],"about":[{"href":"https:\/\/cnlbsul2.org.br\/site\/wp-json\/wp\/v2\/types\/page"}],"author":[{"embeddable":true,"href":"https:\/\/cnlbsul2.org.br\/site\/wp-json\/wp\/v2\/users\/1"}],"replies":[{"embeddable":true,"href":"https:\/\/cnlbsul2.org.br\/site\/wp-json\/wp\/v2\/comments?post=278"}],"version-history":[{"count":3,"href":"https:\/\/cnlbsul2.org.br\/site\/wp-json\/wp\/v2\/pages\/278\/revisions"}],"predecessor-version":[{"id":449,"href":"https:\/\/cnlbsul2.org.br\/site\/wp-json\/wp\/v2\/pages\/278\/revisions\/449"}],"wp:attachment":[{"href":"https:\/\/cnlbsul2.org.br\/site\/wp-json\/wp\/v2\/media?parent=278"}],"curies":[{"name":"wp","href":"https:\/\/api.w.org\/{rel}","templated":true}]}}