{"id":2,"date":"2025-06-08T14:48:43","date_gmt":"2025-06-08T14:48:43","guid":{"rendered":"https:\/\/cnlbsul2.org.br\/site\/?page_id=2"},"modified":"2026-02-05T18:47:50","modified_gmt":"2026-02-05T21:47:50","slug":"sample-page","status":"publish","type":"page","link":"https:\/\/cnlbsul2.org.br\/site\/","title":{"rendered":"CNLB &#8211; Regional Sul 2"},"content":{"rendered":"<div id=\"metaslider-id-704\" style=\"width: 100%;\" class=\"ml-slider-3-100-1 metaslider metaslider-flex metaslider-704 ml-slider ml-slider-lightbox-2-0-0 lightbox-disabled ms-theme-jenga has-dots-nav\" role=\"region\" aria-label=\"Especial 202602\" data-height=\"300\" data-width=\"700\">\n    <div id=\"metaslider_container_704\">\n        <div id=\"metaslider_704\">\n            <ul aria-live='off' class='slides'>\n                <li style=\"display: block; width: 100%;\" class=\"slide-705 ms-image \" aria-roledescription=\"slide\" data-date=\"2026-02-05 18:31:44\"><a href=\"https:\/\/docs.google.com\/forms\/d\/e\/1FAIpQLSc_PqgnvSs53zblNlfa9FRxFi5vYwbyzqGtY8oXEsR3vd-fpg\/viewform\" target=\"_self\" aria-label=\"View Slide Details\" class=\"metaslider_image_link\"><img loading=\"lazy\" decoding=\"async\" width=\"764\" height=\"762\" src=\"https:\/\/cnlbsul2.org.br\/site\/wp-content\/uploads\/2026\/01\/WhatsApp-Image-2026-01-20-at-16.31.26.jpeg\" class=\"slider-704 slide-705 msDefaultImage\" alt=\"\" rel=\"\" title=\"WhatsApp Image 2026-01-20 at 16.31.26\" style=\"margin: 0 auto; width: 42.9696287964%\" srcset=\"https:\/\/cnlbsul2.org.br\/site\/wp-content\/uploads\/2026\/01\/WhatsApp-Image-2026-01-20-at-16.31.26.jpeg 764w, https:\/\/cnlbsul2.org.br\/site\/wp-content\/uploads\/2026\/01\/WhatsApp-Image-2026-01-20-at-16.31.26-300x300.jpeg 300w, https:\/\/cnlbsul2.org.br\/site\/wp-content\/uploads\/2026\/01\/WhatsApp-Image-2026-01-20-at-16.31.26-150x150.jpeg 150w\" sizes=\"auto, (max-width: 764px) 100vw, 764px\" \/><\/a><\/li>\n                <li style=\"display: none; width: 100%;\" class=\"slide-707 ms-image \" aria-roledescription=\"slide\" data-date=\"2026-02-05 18:33:26\"><a href=\"https:\/\/cnlb.org.br\/\" target=\"_self\" aria-label=\"View Slide Details\" class=\"metaslider_image_link\"><img loading=\"lazy\" decoding=\"async\" width=\"2048\" height=\"2048\" src=\"https:\/\/cnlbsul2.org.br\/site\/wp-content\/uploads\/2026\/02\/CNLB_Nacional_Vermelho-e-preto-por-extenso-vert.png\" class=\"slider-704 slide-707 msDefaultImage\" alt=\"\" rel=\"\" title=\"CNLB_Nacional_Vermelho-e-preto-por-extenso-vert\" style=\"margin: 0 auto; width: 42.857142857143%\" srcset=\"https:\/\/cnlbsul2.org.br\/site\/wp-content\/uploads\/2026\/02\/CNLB_Nacional_Vermelho-e-preto-por-extenso-vert.png 2048w, https:\/\/cnlbsul2.org.br\/site\/wp-content\/uploads\/2026\/02\/CNLB_Nacional_Vermelho-e-preto-por-extenso-vert-300x300.png 300w, https:\/\/cnlbsul2.org.br\/site\/wp-content\/uploads\/2026\/02\/CNLB_Nacional_Vermelho-e-preto-por-extenso-vert-1024x1024.png 1024w, https:\/\/cnlbsul2.org.br\/site\/wp-content\/uploads\/2026\/02\/CNLB_Nacional_Vermelho-e-preto-por-extenso-vert-150x150.png 150w, https:\/\/cnlbsul2.org.br\/site\/wp-content\/uploads\/2026\/02\/CNLB_Nacional_Vermelho-e-preto-por-extenso-vert-768x768.png 768w, https:\/\/cnlbsul2.org.br\/site\/wp-content\/uploads\/2026\/02\/CNLB_Nacional_Vermelho-e-preto-por-extenso-vert-1536x1536.png 1536w\" sizes=\"auto, (max-width: 2048px) 100vw, 2048px\" \/><\/a><\/li>\n                <li style=\"display: none; width: 100%;\" class=\"slide-708 ms-image \" aria-roledescription=\"slide\" data-date=\"2026-02-05 18:34:33\"><a href=\"https:\/\/cnbbs2.org.br\/\" target=\"_self\" aria-label=\"View Slide Details\" class=\"metaslider_image_link\"><img loading=\"lazy\" decoding=\"async\" width=\"300\" height=\"300\" src=\"https:\/\/cnlbsul2.org.br\/site\/wp-content\/uploads\/2025\/09\/CNBBSul2.jpg\" class=\"slider-704 slide-708 msDefaultImage\" alt=\"\" rel=\"\" title=\"CNBBSul2\" style=\"margin: 0 auto; width: 42.857142857143%\" srcset=\"https:\/\/cnlbsul2.org.br\/site\/wp-content\/uploads\/2025\/09\/CNBBSul2.jpg 300w, https:\/\/cnlbsul2.org.br\/site\/wp-content\/uploads\/2025\/09\/CNBBSul2-150x150.jpg 150w\" sizes=\"auto, (max-width: 300px) 100vw, 300px\" \/><\/a><\/li>\n            <\/ul>\n        <\/div>\n        \n    <\/div>\n<\/div>\n\n\n<form role=\"search\" method=\"get\" action=\"https:\/\/cnlbsul2.org.br\/site\/\" class=\"wp-block-search__button-inside wp-block-search__icon-button wp-block-search\"    ><label class=\"wp-block-search__label\" for=\"wp-block-search__input-1\" ><em>O que voc\u00ea procura?<\/em><\/label><div class=\"wp-block-search__inside-wrapper\"  style=\"width: 100%\"><input class=\"wp-block-search__input\" id=\"wp-block-search__input-1\" placeholder=\"\" value=\"\" type=\"search\" name=\"s\" required \/><button aria-label=\"Pesquisar\" class=\"wp-block-search__button has-icon wp-element-button\" type=\"submit\" ><svg class=\"search-icon\" viewBox=\"0 0 24 24\" width=\"24\" height=\"24\">\n\t\t\t\t\t<path d=\"M13 5c-3.3 0-6 2.7-6 6 0 1.4.5 2.7 1.3 3.7l-3.8 3.8 1.1 1.1 3.8-3.8c1 .8 2.3 1.3 3.7 1.3 3.3 0 6-2.7 6-6S16.3 5 13 5zm0 10.5c-2.5 0-4.5-2-4.5-4.5s2-4.5 4.5-4.5 4.5 2 4.5 4.5-2 4.5-4.5 4.5z\"><\/path>\n\t\t\t\t<\/svg><\/button><\/div><\/form>\n\n\n<h2 class=\"wp-block-heading has-text-align-center has-large-font-size\"><strong><em>Seja bem-vinda!<\/em><\/strong><br><strong><em>Seja bem-vindo!<\/em><\/strong><\/h2>\n\n\n\n<p>O Conselho Nacional do Laicato do Brasil \u2013 Regional Sul 2 tem a grata satisfa\u00e7\u00e3o de t\u00ea-las(os) conosco. Esperamos que encontre as informa\u00e7\u00f5es que procura. Caso n\u00e3o localize o que deseja, deixe sua pergunta em nosso formul\u00e1rio de contato. Teremos prazer em lhe responder com as informa\u00e7\u00f5es que possam auxiliar em sua pesquisa.<\/p>\n\n\n\n<p class=\"has-text-align-center has-medium-font-size\"><em>&#8220;Com o pouco de cada um, a \u00b4Civiliza\u00e7\u00e3o do Amor&#8217; de todos n\u00f3s!&#8221;<\/em><\/p>\n\n\n\n<figure class=\"wp-block-image aligncenter size-thumbnail is-resized is-style-default\"><img loading=\"lazy\" decoding=\"async\" width=\"150\" height=\"150\" src=\"https:\/\/cnlbsul2.org.br\/site\/wp-content\/uploads\/2025\/08\/CNLB-RS2-01-150x150.jpg\" alt=\"\" class=\"wp-image-164\" style=\"object-fit:cover;width:84px;height:auto\"\/><\/figure>\n\n\n\n<p><\/p>\n","protected":false},"excerpt":{"rendered":"<p>Seja bem-vinda!Seja bem-vindo! O Conselho Nacional do Laicato do Brasil \u2013 Regional Sul 2 tem a grata satisfa\u00e7\u00e3o de t\u00ea-las(os) conosco. Esperamos que encontre as informa\u00e7\u00f5es que procura. Caso n\u00e3o [&hellip;]<\/p>\n","protected":false},"author":1,"featured_media":0,"parent":0,"menu_order":0,"comment_status":"closed","ping_status":"closed","template":"","meta":{"pagelayer_contact_templates":[],"_pagelayer_content":"","_EventAllDay":false,"_EventTimezone":"","_EventStartDate":"","_EventEndDate":"","_EventStartDateUTC":"","_EventEndDateUTC":"","_EventShowMap":false,"_EventShowMapLink":false,"_EventURL":"","_EventCost":"","_EventCostDescription":"","_EventCurrencySymbol":"","_EventCurrencyCode":"","_EventCurrencyPosition":"","_EventDateTimeSeparator":"","_EventTimeRangeSeparator":"","_EventOrganizerID":[],"_EventVenueID":[],"_OrganizerEmail":"","_OrganizerPhone":"","_OrganizerWebsite":"","_VenueAddress":"","_VenueCity":"","_VenueCountry":"","_VenueProvince":"","_VenueState":"","_VenueZip":"","_VenuePhone":"","_VenueURL":"","_VenueStateProvince":"","_VenueLat":"","_VenueLng":"","_VenueShowMap":false,"_VenueShowMapLink":false,"footnotes":""},"class_list":["post-2","page","type-page","status-publish","hentry"],"_links":{"self":[{"href":"https:\/\/cnlbsul2.org.br\/site\/wp-json\/wp\/v2\/pages\/2","targetHints":{"allow":["GET"]}}],"collection":[{"href":"https:\/\/cnlbsul2.org.br\/site\/wp-json\/wp\/v2\/pages"}],"about":[{"href":"https:\/\/cnlbsul2.org.br\/site\/wp-json\/wp\/v2\/types\/page"}],"author":[{"embeddable":true,"href":"https:\/\/cnlbsul2.org.br\/site\/wp-json\/wp\/v2\/users\/1"}],"replies":[{"embeddable":true,"href":"https:\/\/cnlbsul2.org.br\/site\/wp-json\/wp\/v2\/comments?post=2"}],"version-history":[{"count":33,"href":"https:\/\/cnlbsul2.org.br\/site\/wp-json\/wp\/v2\/pages\/2\/revisions"}],"predecessor-version":[{"id":711,"href":"https:\/\/cnlbsul2.org.br\/site\/wp-json\/wp\/v2\/pages\/2\/revisions\/711"}],"wp:attachment":[{"href":"https:\/\/cnlbsul2.org.br\/site\/wp-json\/wp\/v2\/media?parent=2"}],"curies":[{"name":"wp","href":"https:\/\/api.w.org\/{rel}","templated":true}]}}