{"id":113,"date":"2025-06-12T04:16:51","date_gmt":"2025-06-12T07:16:51","guid":{"rendered":"https:\/\/cnlbsul2.org.br\/site\/?page_id=113"},"modified":"2025-08-24T17:01:48","modified_gmt":"2025-08-24T20:01:48","slug":"quem-somos","status":"publish","type":"page","link":"https:\/\/cnlbsul2.org.br\/site\/quem-somos\/","title":{"rendered":"Quem somos?"},"content":{"rendered":"\n<p>Um <strong><em>Conselho do Laicato (CNLB)<\/em><\/strong> busca ser \u201cum espa\u00e7o organizativo de <strong>representa\u00e7\u00e3o qualificada<\/strong> das leigas e leigos de uma diocese junto aos espa\u00e7os religiosos, sociais, pol\u00edticos e econ\u00f4micos e que, \u00e0 luz da Doutrina Social da Igreja (DSI) busca <strong>formar<\/strong>, <strong>articular <\/strong>e <strong>dialogar <\/strong>com a sociedade atrav\u00e9s do desenvolvimento da <strong>consci\u00eancia cr\u00edtica<\/strong> \u00e0 luz da evang\u00e9lica <strong>op\u00e7\u00e3o preferencial pelos pobres<\/strong>, garantindo na conquista das pol\u00edticas p\u00fablicas o <strong>protagonismo laical<\/strong> em uma constante A\u00e7\u00e3o Evangelizadora de uma Igreja em Sa\u00edda, mantendo sempre um di\u00e1logo fraterno intra e inter\u2011religioso\u201d.<\/p>\n\n\n\n<figure class=\"wp-block-image size-full\"><img decoding=\"async\" src=\"https:\/\/cnlbsul2.org.br\/site\/wp-content\/uploads\/2025\/08\/regionaiscnbb.jpg\" alt=\"Regionais da CNBB\" class=\"wp-image-373\"\/><\/figure>\n\n\n\n<p><\/p>\n\n\n\n<figure class=\"wp-block-image size-large\"><img loading=\"lazy\" decoding=\"async\" width=\"1024\" height=\"952\" src=\"https:\/\/cnlbsul2.org.br\/site\/wp-content\/uploads\/2025\/08\/mapa-provincias-01_rev01-1024x952.png\" alt=\"Dioceses do Regional Sul 2\" class=\"wp-image-374\" srcset=\"https:\/\/cnlbsul2.org.br\/site\/wp-content\/uploads\/2025\/08\/mapa-provincias-01_rev01-1024x952.png 1024w, https:\/\/cnlbsul2.org.br\/site\/wp-content\/uploads\/2025\/08\/mapa-provincias-01_rev01-300x279.png 300w, https:\/\/cnlbsul2.org.br\/site\/wp-content\/uploads\/2025\/08\/mapa-provincias-01_rev01-768x714.png 768w, https:\/\/cnlbsul2.org.br\/site\/wp-content\/uploads\/2025\/08\/mapa-provincias-01_rev01-1536x1427.png 1536w, https:\/\/cnlbsul2.org.br\/site\/wp-content\/uploads\/2025\/08\/mapa-provincias-01_rev01-2048x1903.png 2048w\" sizes=\"auto, (max-width: 1024px) 100vw, 1024px\" \/><\/figure>\n","protected":false},"excerpt":{"rendered":"<p>Um Conselho do Laicato (CNLB) busca ser \u201cum espa\u00e7o organizativo de representa\u00e7\u00e3o qualificada das leigas e leigos de uma diocese junto aos espa\u00e7os religiosos, sociais, pol\u00edticos e econ\u00f4micos e que, [&hellip;]<\/p>\n","protected":false},"author":1,"featured_media":0,"parent":0,"menu_order":0,"comment_status":"closed","ping_status":"closed","template":"","meta":{"pagelayer_contact_templates":[],"_pagelayer_content":"","_EventAllDay":false,"_EventTimezone":"","_EventStartDate":"","_EventEndDate":"","_EventStartDateUTC":"","_EventEndDateUTC":"","_EventShowMap":false,"_EventShowMapLink":false,"_EventURL":"","_EventCost":"","_EventCostDescription":"","_EventCurrencySymbol":"","_EventCurrencyCode":"","_EventCurrencyPosition":"","_EventDateTimeSeparator":"","_EventTimeRangeSeparator":"","_EventOrganizerID":[],"_EventVenueID":[],"_OrganizerEmail":"","_OrganizerPhone":"","_OrganizerWebsite":"","_VenueAddress":"","_VenueCity":"","_VenueCountry":"","_VenueProvince":"","_VenueState":"","_VenueZip":"","_VenuePhone":"","_VenueURL":"","_VenueStateProvince":"","_VenueLat":"","_VenueLng":"","_VenueShowMap":false,"_VenueShowMapLink":false,"footnotes":""},"class_list":["post-113","page","type-page","status-publish","hentry"],"_links":{"self":[{"href":"https:\/\/cnlbsul2.org.br\/site\/wp-json\/wp\/v2\/pages\/113","targetHints":{"allow":["GET"]}}],"collection":[{"href":"https:\/\/cnlbsul2.org.br\/site\/wp-json\/wp\/v2\/pages"}],"about":[{"href":"https:\/\/cnlbsul2.org.br\/site\/wp-json\/wp\/v2\/types\/page"}],"author":[{"embeddable":true,"href":"https:\/\/cnlbsul2.org.br\/site\/wp-json\/wp\/v2\/users\/1"}],"replies":[{"embeddable":true,"href":"https:\/\/cnlbsul2.org.br\/site\/wp-json\/wp\/v2\/comments?post=113"}],"version-history":[{"count":5,"href":"https:\/\/cnlbsul2.org.br\/site\/wp-json\/wp\/v2\/pages\/113\/revisions"}],"predecessor-version":[{"id":376,"href":"https:\/\/cnlbsul2.org.br\/site\/wp-json\/wp\/v2\/pages\/113\/revisions\/376"}],"wp:attachment":[{"href":"https:\/\/cnlbsul2.org.br\/site\/wp-json\/wp\/v2\/media?parent=113"}],"curies":[{"name":"wp","href":"https:\/\/api.w.org\/{rel}","templated":true}]}}