{"id":105,"date":"2025-06-11T19:12:46","date_gmt":"2025-06-11T22:12:46","guid":{"rendered":"https:\/\/cnlbsul2.org.br\/site\/?page_id=105"},"modified":"2026-02-05T15:32:49","modified_gmt":"2026-02-05T18:32:49","slug":"ead","status":"publish","type":"page","link":"https:\/\/cnlbsul2.org.br\/site\/ead\/","title":{"rendered":"EaD"},"content":{"rendered":"\n<p>Educa\u00e7\u00e3o \u00e0 Dist\u00e2ncia do Conselho Nacional do Laicato do Brasil do Regional Sul<\/p>\n\n\n\n<p>Encontre aqui os principais conte\u00fados que ir\u00e3o lhe ajudar em sua caminhada de f\u00e9, para que possas avan\u00e7ar para \u00e1guas mais profundas da f\u00e9!<\/p>\n\n\n\n<p>Em breve, em nosso espa\u00e7o EaD (Link abaixo) voc\u00ea poder\u00e1 encontrar cursos que possam contribuir com a sua forma\u00e7\u00e3o de f\u00e9 na busca da constru\u00e7\u00e3o da Civiliza\u00e7\u00e3o do Amor!<\/p>\n\n\n\n<p><a href=\"https:\/\/cnlbsul2.org.br\/ead\/\" data-type=\"link\" data-id=\"https:\/\/cnlbsul2.org.br\/ead\/\">EaD CNLB Sul 2<\/a><\/p>\n\n\n\n<div style=\"height:20px\" aria-hidden=\"true\" class=\"wp-block-spacer\"><\/div>\n\n\n\n<p><strong><em>Conhe\u00e7a no link abaixo, um pouco sobre a nossa EDSI!<\/em><\/strong><\/p>\n\n\n\n<figure class=\"wp-block-embed is-type-wp-embed is-provider-cnlb-s-2 wp-block-embed-cnlb-s-2\"><div class=\"wp-block-embed__wrapper\">\n<blockquote class=\"wp-embedded-content\" data-secret=\"e2J97FwfWP\"><a href=\"https:\/\/cnlbsul2.org.br\/site\/2026\/01\/20\/escola-de-doutrina-social-da-igreja-edsi-2026\/\">ESCOLA DE DOUTRINA SOCIAL DA IGREJA \u2013 EDSI 2026<\/a><\/blockquote><iframe loading=\"lazy\" class=\"wp-embedded-content\" sandbox=\"allow-scripts\" security=\"restricted\" style=\"position: absolute; visibility: hidden;\" title=\"&#8220;ESCOLA DE DOUTRINA SOCIAL DA IGREJA \u2013 EDSI 2026&#8221; &#8212; {CNLB S2}\" src=\"https:\/\/cnlbsul2.org.br\/site\/2026\/01\/20\/escola-de-doutrina-social-da-igreja-edsi-2026\/embed\/#?secret=ZPDHJge8nl#?secret=e2J97FwfWP\" data-secret=\"e2J97FwfWP\" width=\"500\" height=\"282\" frameborder=\"0\" marginwidth=\"0\" marginheight=\"0\" scrolling=\"no\"><\/iframe>\n<\/div><\/figure>\n","protected":false},"excerpt":{"rendered":"<p>Educa\u00e7\u00e3o \u00e0 Dist\u00e2ncia do Conselho Nacional do Laicato do Brasil do Regional Sul Encontre aqui os principais conte\u00fados que ir\u00e3o lhe ajudar em sua caminhada de f\u00e9, para que possas [&hellip;]<\/p>\n","protected":false},"author":1,"featured_media":0,"parent":0,"menu_order":0,"comment_status":"closed","ping_status":"closed","template":"","meta":{"pagelayer_contact_templates":[],"_pagelayer_content":"","_EventAllDay":false,"_EventTimezone":"","_EventStartDate":"","_EventEndDate":"","_EventStartDateUTC":"","_EventEndDateUTC":"","_EventShowMap":false,"_EventShowMapLink":false,"_EventURL":"","_EventCost":"","_EventCostDescription":"","_EventCurrencySymbol":"","_EventCurrencyCode":"","_EventCurrencyPosition":"","_EventDateTimeSeparator":"","_EventTimeRangeSeparator":"","_EventOrganizerID":[],"_EventVenueID":[],"_OrganizerEmail":"","_OrganizerPhone":"","_OrganizerWebsite":"","_VenueAddress":"","_VenueCity":"","_VenueCountry":"","_VenueProvince":"","_VenueState":"","_VenueZip":"","_VenuePhone":"","_VenueURL":"","_VenueStateProvince":"","_VenueLat":"","_VenueLng":"","_VenueShowMap":false,"_VenueShowMapLink":false,"footnotes":""},"class_list":["post-105","page","type-page","status-publish","hentry"],"_links":{"self":[{"href":"https:\/\/cnlbsul2.org.br\/site\/wp-json\/wp\/v2\/pages\/105","targetHints":{"allow":["GET"]}}],"collection":[{"href":"https:\/\/cnlbsul2.org.br\/site\/wp-json\/wp\/v2\/pages"}],"about":[{"href":"https:\/\/cnlbsul2.org.br\/site\/wp-json\/wp\/v2\/types\/page"}],"author":[{"embeddable":true,"href":"https:\/\/cnlbsul2.org.br\/site\/wp-json\/wp\/v2\/users\/1"}],"replies":[{"embeddable":true,"href":"https:\/\/cnlbsul2.org.br\/site\/wp-json\/wp\/v2\/comments?post=105"}],"version-history":[{"count":7,"href":"https:\/\/cnlbsul2.org.br\/site\/wp-json\/wp\/v2\/pages\/105\/revisions"}],"predecessor-version":[{"id":703,"href":"https:\/\/cnlbsul2.org.br\/site\/wp-json\/wp\/v2\/pages\/105\/revisions\/703"}],"wp:attachment":[{"href":"https:\/\/cnlbsul2.org.br\/site\/wp-json\/wp\/v2\/media?parent=105"}],"curies":[{"name":"wp","href":"https:\/\/api.w.org\/{rel}","templated":true}]}}